{"id":631,"date":"2025-03-03T10:42:53","date_gmt":"2025-03-03T10:42:53","guid":{"rendered":"https:\/\/hellochargia.com\/blog\/"},"modified":"2026-02-09T21:36:50","modified_gmt":"2026-02-09T21:36:50","slug":"blog","status":"publish","type":"page","link":"https:\/\/hellochargia.com\/es\/blog","title":{"rendered":"Blog"},"content":{"rendered":"<p><div class=\"fusion-fullwidth fullwidth-box fusion-builder-row-1 fusion-flex-container has-pattern-background has-mask-background nonhundred-percent-fullwidth non-hundred-percent-height-scrolling\" style=\"--awb-border-radius-top-left:0px;--awb-border-radius-top-right:0px;--awb-border-radius-bottom-right:0px;--awb-border-radius-bottom-left:0px;--awb-padding-top:120px;--awb-padding-bottom:20px;--awb-padding-bottom-medium:0px;--awb-padding-bottom-small:15px;--awb-flex-wrap:wrap;\" ><div class=\"fusion-builder-row fusion-row fusion-flex-align-items-flex-start fusion-flex-content-wrap\" style=\"max-width:1248px;margin-left: calc(-4% \/ 2 );margin-right: calc(-4% \/ 2 );\"><div class=\"fusion-layout-column fusion_builder_column fusion-builder-column-0 fusion_builder_column_1_1 1_1 fusion-flex-column\" style=\"--awb-bg-size:cover;--awb-width-large:100%;--awb-margin-top-large:0px;--awb-spacing-right-large:1.92%;--awb-margin-bottom-large:70px;--awb-spacing-left-large:1.92%;--awb-width-medium:100%;--awb-order-medium:0;--awb-spacing-right-medium:1.92%;--awb-spacing-left-medium:1.92%;--awb-width-small:100%;--awb-order-small:0;--awb-spacing-right-small:1.92%;--awb-margin-bottom-small:45px;--awb-spacing-left-small:1.92%;\"><div class=\"fusion-column-wrapper fusion-column-has-shadow fusion-flex-justify-content-flex-start fusion-content-layout-column\"><div class=\"fusion-title title fusion-title-1 fusion-sep-none fusion-title-center fusion-title-text fusion-title-size-one\"><h1 class=\"fusion-title-heading title-heading-center fusion-responsive-typography-calculated\" style=\"margin:0;--fontSize:64;line-height:var(--awb-typography1-line-height);\"><span class=\"fusion-highlight custom-textcolor highlight1 awb-highlight-marker\" style=\"--awb-color:var(--awb-color4);--awb-text-color:var(--awb-color8);\">Noticias.<\/span><\/h1><\/div><div class=\"fusion-title title fusion-title-2 fusion-sep-none fusion-title-center fusion-title-text fusion-title-size-four\" style=\"--awb-font-size:20px;\"><h4 class=\"fusion-title-heading title-heading-center fusion-responsive-typography-calculated\" style=\"font-family:&quot;Geist Regular&quot;;font-style:normal;font-weight:400;margin:0;font-size:1em;--fontSize:20;--minFontSize:20;line-height:var(--awb-typography1-line-height);\">Descubre noticias y novedades.<\/h4><\/div><\/div><\/div><div class=\"fusion-layout-column fusion_builder_column fusion-builder-column-1 fusion_builder_column_1_1 1_1 fusion-flex-column\" style=\"--awb-bg-size:cover;--awb-width-large:100%;--awb-margin-top-large:0px;--awb-spacing-right-large:1.92%;--awb-margin-bottom-large:20px;--awb-spacing-left-large:1.92%;--awb-width-medium:100%;--awb-order-medium:0;--awb-spacing-right-medium:1.92%;--awb-spacing-left-medium:1.92%;--awb-width-small:100%;--awb-order-small:0;--awb-spacing-right-small:1.92%;--awb-spacing-left-small:1.92%;\"><div class=\"fusion-column-wrapper fusion-column-has-shadow fusion-flex-justify-content-flex-start fusion-content-layout-column\"><div class=\"fusion-post-cards fusion-post-cards-1 fusion-grid-archive fusion-grid-columns-3\" style=\"--awb-dots-align:center;--awb-columns:3;--awb-active-filter-border-size:3px;--awb-filters-height:36px;\"><ul class=\"fusion-grid fusion-grid-3 fusion-flex-align-items-stretch fusion-grid-posts-cards\"><li class=\"fusion-layout-column fusion_builder_column fusion-builder-column-2 fusion-flex-column post-card fusion-grid-column fusion-post-cards-grid-column\" style=\"--awb-overflow:hidden;--awb-bg-color:var(--awb-color4);--awb-bg-color-hover:var(--awb-color1);--awb-bg-size:cover;--awb-border-radius:25px 25px 25px 25px;\"><div class=\"fusion-column-wrapper fusion-flex-justify-content-flex-start fusion-content-layout-column\"><div class=\"fusion-classic-product-image-wrapper fusion-woo-product-image fusion-post-card-image fusion-post-card-image-1 has-aspect-ratio\" data-layout=\"static\" style=\"--awb-border-radius-top-left:25px;--awb-border-radius-top-right:25px;--awb-border-radius-bottom-right:25px;--awb-border-radius-bottom-left:25px;--awb-aspect-ratio:3 \/ 2;\"><div  class=\"fusion-image-wrapper\" aria-haspopup=\"true\">\n\t\t\t\t\t\t\t<a href=\"https:\/\/hellochargia.com\/es\/por-que-whatsapp-es-la-mejor-plataforma-para-el-soporte-de-carga-de-vehiculos-electricos\" aria-label=\"\u00bfPor qu\u00e9 WhatsApp es la mejor plataforma para el soporte de carga de veh\u00edculos el\u00e9ctricos?\">\n\t\t\t\t\t\t\t<img decoding=\"async\" width=\"1080\" height=\"1350\" src=\"https:\/\/hellochargia.com\/wp-content\/uploads\/2025\/03\/whtsapp.png\" class=\"attachment-full size-full wp-post-image\" alt=\"\" srcset=\"https:\/\/hellochargia.com\/wp-content\/uploads\/2025\/03\/whtsapp-200x250.png 200w, https:\/\/hellochargia.com\/wp-content\/uploads\/2025\/03\/whtsapp-400x500.png 400w, https:\/\/hellochargia.com\/wp-content\/uploads\/2025\/03\/whtsapp-600x750.png 600w, https:\/\/hellochargia.com\/wp-content\/uploads\/2025\/03\/whtsapp-800x1000.png 800w, https:\/\/hellochargia.com\/wp-content\/uploads\/2025\/03\/whtsapp.png 1080w\" sizes=\"(min-width: 2200px) 100vw, (min-width: 784px) 373px, (min-width: 712px) 560px, (min-width: 640px) 712px, \" \/>\t\t\t<\/a>\n\t\t\t\t\t\t\t<\/div>\n<\/div><div class=\"fusion-title title fusion-title-3 fusion-sep-none fusion-title-text fusion-title-size-two\" style=\"--awb-margin-top:20px;--awb-margin-right:5%;--awb-margin-bottom:25px;--awb-margin-left:5%;--awb-margin-top-small:15px;--awb-margin-right-small:5%;--awb-margin-bottom-small:15px;--awb-margin-left-small:5%;--awb-font-size:20px;\"><h2 class=\"fusion-title-heading title-heading-left fusion-responsive-typography-calculated\" style=\"margin:0;font-size:1em;--fontSize:20;--minFontSize:20;line-height:1.2;\">\u00bfPor qu\u00e9 WhatsApp es la mejor plataforma para el soporte de carga de veh\u00edculos el\u00e9ctricos?<\/h2><\/div><\/div><\/li>\n<\/ul><\/div><\/div><\/div><\/div><\/div><div class=\"fusion-fullwidth fullwidth-box fusion-builder-row-2 fusion-flex-container has-pattern-background has-mask-background hundred-percent-fullwidth non-hundred-percent-height-scrolling\" style=\"--awb-border-radius-top-left:0px;--awb-border-radius-top-right:0px;--awb-border-radius-bottom-right:0px;--awb-border-radius-bottom-left:0px;--awb-padding-bottom:0px;--awb-padding-bottom-small:25px;--awb-margin-top:0px;--awb-flex-wrap:wrap;\" ><div class=\"fusion-builder-row fusion-row fusion-flex-align-items-flex-start fusion-flex-content-wrap\" style=\"width:104% !important;max-width:104% !important;margin-left: calc(-4% \/ 2 );margin-right: calc(-4% \/ 2 );\"><div class=\"fusion-layout-column fusion_builder_column fusion-builder-column-3 fusion_builder_column_1_1 1_1 fusion-flex-column\" style=\"--awb-padding-top:4%;--awb-padding-right:5%;--awb-padding-bottom:4%;--awb-padding-left:5%;--awb-overflow:hidden;--awb-bg-position:center center;--awb-bg-size:cover;--awb-border-radius:25px 25px 25px 25px;--awb-width-large:100%;--awb-margin-top-large:0px;--awb-spacing-right-large:1.92%;--awb-margin-bottom-large:0px;--awb-spacing-left-large:1.92%;--awb-width-medium:100%;--awb-order-medium:0;--awb-spacing-right-medium:1.92%;--awb-spacing-left-medium:1.92%;--awb-width-small:100%;--awb-order-small:0;--awb-spacing-right-small:1.92%;--awb-spacing-left-small:1.92%;\"><div class=\"fusion-column-wrapper fusion-column-has-shadow fusion-flex-justify-content-flex-start fusion-content-layout-column\"><div class=\"fusion-title title fusion-title-4 fusion-sep-none fusion-title-center fusion-title-text fusion-title-size-two\" style=\"--awb-margin-bottom-small:20px;--awb-font-size:70px;\"><h2 class=\"fusion-title-heading title-heading-center fusion-responsive-typography-calculated\" style=\"margin:0;font-size:1em;--fontSize:70;line-height:1.2;\">\u00bfQuieres una prueba gratuita?<\/h2><\/div><div class=\"fusion-text fusion-text-1 fusion-text-no-margin\" style=\"--awb-content-alignment:center;--awb-font-size:25px;--awb-margin-bottom:30px;\"><p>\u00a1Escr\u00edbenos y nos pondremos en contacto contigo!<\/p>\n<\/div><div style=\"text-align:center;\"><a class=\"fusion-button button-flat fusion-button-default-size button-custom fusion-button-default button-1 fusion-button-default-span fusion-button-default-type\" style=\"--button_accent_color:var(--awb-color8);--button_accent_hover_color:var(--awb-color1);--button_border_hover_color:var(--awb-color1);--button_gradient_top_color:var(--awb-color4);--button_gradient_bottom_color:var(--awb-color4);--button_gradient_top_color_hover:var(--awb-color8);--button_gradient_bottom_color_hover:var(--awb-color8);\" target=\"_self\" data-hover=\"bg_slide_right\" href=\"#awb-open-oc__659\"><span class=\"fusion-button-text\">Pide tu prueba gratuita<\/span><\/a><\/div><\/div><\/div><\/div><\/div><\/p>\n","protected":false},"excerpt":{"rendered":"","protected":false},"author":2,"featured_media":0,"parent":0,"menu_order":0,"comment_status":"closed","ping_status":"closed","template":"100-width.php","meta":{"footnotes":""},"class_list":["post-631","page","type-page","status-publish","hentry"],"yoast_head":"<!-- This site is optimized with the Yoast SEO plugin v25.3.1 - https:\/\/yoast.com\/wordpress\/plugins\/seo\/ -->\n<title>Blog | Chargia<\/title>\n<meta name=\"description\" content=\"Descubre c\u00f3mo nuestra tecnolog\u00eda transforma la manera en que cargas, haciendo que cada parada sea fluida, eficiente y sin estr\u00e9s.\" \/>\n<meta name=\"robots\" content=\"index, follow, max-snippet:-1, max-image-preview:large, max-video-preview:-1\" \/>\n<link rel=\"canonical\" href=\"https:\/\/hellochargia.com\/es\/blog\" \/>\n<meta property=\"og:locale\" content=\"es_ES\" \/>\n<meta property=\"og:type\" content=\"article\" \/>\n<meta property=\"og:title\" content=\"Blog | Chargia\" \/>\n<meta property=\"og:description\" content=\"Descubre c\u00f3mo nuestra tecnolog\u00eda transforma la manera en que cargas, haciendo que cada parada sea fluida, eficiente y sin estr\u00e9s.\" \/>\n<meta property=\"og:url\" content=\"https:\/\/hellochargia.com\/es\/blog\" \/>\n<meta property=\"og:site_name\" content=\"Chargia\" \/>\n<meta property=\"article:modified_time\" content=\"2026-02-09T21:36:50+00:00\" \/>\n<meta property=\"og:image\" content=\"https:\/\/hellochargia.com\/wp-content\/uploads\/2025\/03\/Logo-Chargia-SEO.jpg\" \/>\n\t<meta property=\"og:image:width\" content=\"1200\" \/>\n\t<meta property=\"og:image:height\" content=\"675\" \/>\n\t<meta property=\"og:image:type\" content=\"image\/jpeg\" \/>\n<meta name=\"twitter:card\" content=\"summary_large_image\" \/>\n<meta name=\"twitter:label1\" content=\"Tiempo de lectura\" \/>\n\t<meta name=\"twitter:data1\" content=\"2 minutos\" \/>\n<script type=\"application\/ld+json\" class=\"yoast-schema-graph\">{\"@context\":\"https:\/\/schema.org\",\"@graph\":[{\"@type\":\"WebPage\",\"@id\":\"https:\/\/hellochargia.com\/es\/blog\",\"url\":\"https:\/\/hellochargia.com\/es\/blog\",\"name\":\"Blog | Chargia\",\"isPartOf\":{\"@id\":\"https:\/\/hellochargia.com\/es#website\"},\"datePublished\":\"2025-03-03T10:42:53+00:00\",\"dateModified\":\"2026-02-09T21:36:50+00:00\",\"description\":\"Descubre c\u00f3mo nuestra tecnolog\u00eda transforma la manera en que cargas, haciendo que cada parada sea fluida, eficiente y sin estr\u00e9s.\",\"breadcrumb\":{\"@id\":\"https:\/\/hellochargia.com\/es\/blog#breadcrumb\"},\"inLanguage\":\"es\",\"potentialAction\":[{\"@type\":\"ReadAction\",\"target\":[\"https:\/\/hellochargia.com\/es\/blog\"]}]},{\"@type\":\"BreadcrumbList\",\"@id\":\"https:\/\/hellochargia.com\/es\/blog#breadcrumb\",\"itemListElement\":[{\"@type\":\"ListItem\",\"position\":1,\"name\":\"Home\",\"item\":\"https:\/\/hellochargia.com\/es\"},{\"@type\":\"ListItem\",\"position\":2,\"name\":\"Blog\"}]},{\"@type\":\"WebSite\",\"@id\":\"https:\/\/hellochargia.com\/es#website\",\"url\":\"https:\/\/hellochargia.com\/es\",\"name\":\"Hello Chargia\",\"description\":\"AI-assistant of electric mobility\",\"publisher\":{\"@id\":\"https:\/\/hellochargia.com\/es#organization\"},\"alternateName\":\"Chargia\",\"potentialAction\":[{\"@type\":\"SearchAction\",\"target\":{\"@type\":\"EntryPoint\",\"urlTemplate\":\"https:\/\/hellochargia.com\/es?s={search_term_string}\"},\"query-input\":{\"@type\":\"PropertyValueSpecification\",\"valueRequired\":true,\"valueName\":\"search_term_string\"}}],\"inLanguage\":\"es\"},{\"@type\":\"Organization\",\"@id\":\"https:\/\/hellochargia.com\/es#organization\",\"name\":\"Chargia\",\"alternateName\":\"Hello Chargia\",\"url\":\"https:\/\/hellochargia.com\/es\",\"logo\":{\"@type\":\"ImageObject\",\"inLanguage\":\"es\",\"@id\":\"https:\/\/hellochargia.com\/es#\/schema\/logo\/image\/\",\"url\":\"https:\/\/hellochargia.com\/wp-content\/uploads\/2025\/03\/Logo-Chargia-SEO-2.jpg\",\"contentUrl\":\"https:\/\/hellochargia.com\/wp-content\/uploads\/2025\/03\/Logo-Chargia-SEO-2.jpg\",\"width\":675,\"height\":675,\"caption\":\"Chargia\"},\"image\":{\"@id\":\"https:\/\/hellochargia.com\/es#\/schema\/logo\/image\/\"}}]}<\/script>\n<!-- \/ Yoast SEO plugin. -->","yoast_head_json":{"title":"Blog | Chargia","description":"Descubre c\u00f3mo nuestra tecnolog\u00eda transforma la manera en que cargas, haciendo que cada parada sea fluida, eficiente y sin estr\u00e9s.","robots":{"index":"index","follow":"follow","max-snippet":"max-snippet:-1","max-image-preview":"max-image-preview:large","max-video-preview":"max-video-preview:-1"},"canonical":"https:\/\/hellochargia.com\/es\/blog","og_locale":"es_ES","og_type":"article","og_title":"Blog | Chargia","og_description":"Descubre c\u00f3mo nuestra tecnolog\u00eda transforma la manera en que cargas, haciendo que cada parada sea fluida, eficiente y sin estr\u00e9s.","og_url":"https:\/\/hellochargia.com\/es\/blog","og_site_name":"Chargia","article_modified_time":"2026-02-09T21:36:50+00:00","og_image":[{"width":1200,"height":675,"url":"https:\/\/hellochargia.com\/wp-content\/uploads\/2025\/03\/Logo-Chargia-SEO.jpg","type":"image\/jpeg"}],"twitter_card":"summary_large_image","twitter_misc":{"Tiempo de lectura":"2 minutos"},"schema":{"@context":"https:\/\/schema.org","@graph":[{"@type":"WebPage","@id":"https:\/\/hellochargia.com\/es\/blog","url":"https:\/\/hellochargia.com\/es\/blog","name":"Blog | Chargia","isPartOf":{"@id":"https:\/\/hellochargia.com\/es#website"},"datePublished":"2025-03-03T10:42:53+00:00","dateModified":"2026-02-09T21:36:50+00:00","description":"Descubre c\u00f3mo nuestra tecnolog\u00eda transforma la manera en que cargas, haciendo que cada parada sea fluida, eficiente y sin estr\u00e9s.","breadcrumb":{"@id":"https:\/\/hellochargia.com\/es\/blog#breadcrumb"},"inLanguage":"es","potentialAction":[{"@type":"ReadAction","target":["https:\/\/hellochargia.com\/es\/blog"]}]},{"@type":"BreadcrumbList","@id":"https:\/\/hellochargia.com\/es\/blog#breadcrumb","itemListElement":[{"@type":"ListItem","position":1,"name":"Home","item":"https:\/\/hellochargia.com\/es"},{"@type":"ListItem","position":2,"name":"Blog"}]},{"@type":"WebSite","@id":"https:\/\/hellochargia.com\/es#website","url":"https:\/\/hellochargia.com\/es","name":"Hello Chargia","description":"AI-assistant of electric mobility","publisher":{"@id":"https:\/\/hellochargia.com\/es#organization"},"alternateName":"Chargia","potentialAction":[{"@type":"SearchAction","target":{"@type":"EntryPoint","urlTemplate":"https:\/\/hellochargia.com\/es?s={search_term_string}"},"query-input":{"@type":"PropertyValueSpecification","valueRequired":true,"valueName":"search_term_string"}}],"inLanguage":"es"},{"@type":"Organization","@id":"https:\/\/hellochargia.com\/es#organization","name":"Chargia","alternateName":"Hello Chargia","url":"https:\/\/hellochargia.com\/es","logo":{"@type":"ImageObject","inLanguage":"es","@id":"https:\/\/hellochargia.com\/es#\/schema\/logo\/image\/","url":"https:\/\/hellochargia.com\/wp-content\/uploads\/2025\/03\/Logo-Chargia-SEO-2.jpg","contentUrl":"https:\/\/hellochargia.com\/wp-content\/uploads\/2025\/03\/Logo-Chargia-SEO-2.jpg","width":675,"height":675,"caption":"Chargia"},"image":{"@id":"https:\/\/hellochargia.com\/es#\/schema\/logo\/image\/"}}]}},"_links":{"self":[{"href":"https:\/\/hellochargia.com\/es\/wp-json\/wp\/v2\/pages\/631","targetHints":{"allow":["GET"]}}],"collection":[{"href":"https:\/\/hellochargia.com\/es\/wp-json\/wp\/v2\/pages"}],"about":[{"href":"https:\/\/hellochargia.com\/es\/wp-json\/wp\/v2\/types\/page"}],"author":[{"embeddable":true,"href":"https:\/\/hellochargia.com\/es\/wp-json\/wp\/v2\/users\/2"}],"replies":[{"embeddable":true,"href":"https:\/\/hellochargia.com\/es\/wp-json\/wp\/v2\/comments?post=631"}],"version-history":[{"count":5,"href":"https:\/\/hellochargia.com\/es\/wp-json\/wp\/v2\/pages\/631\/revisions"}],"predecessor-version":[{"id":1667,"href":"https:\/\/hellochargia.com\/es\/wp-json\/wp\/v2\/pages\/631\/revisions\/1667"}],"wp:attachment":[{"href":"https:\/\/hellochargia.com\/es\/wp-json\/wp\/v2\/media?parent=631"}],"curies":[{"name":"wp","href":"https:\/\/api.w.org\/{rel}","templated":true}]}}