{"id":540,"date":"2025-03-05T12:06:28","date_gmt":"2025-03-05T12:06:28","guid":{"rendered":"https:\/\/hellochargia.com\/legal-notice\/"},"modified":"2026-02-09T21:33:15","modified_gmt":"2026-02-09T21:33:15","slug":"aviso-legal","status":"publish","type":"page","link":"https:\/\/hellochargia.com\/es\/aviso-legal","title":{"rendered":"Aviso Legal"},"content":{"rendered":"<div class=\"fusion-fullwidth fullwidth-box fusion-builder-row-1 fusion-flex-container nonhundred-percent-fullwidth non-hundred-percent-height-scrolling\" style=\"--awb-border-radius-top-left:0px;--awb-border-radius-top-right:0px;--awb-border-radius-bottom-right:0px;--awb-border-radius-bottom-left:0px;--awb-padding-top:120px;--awb-padding-bottom:50px;--awb-flex-wrap:wrap;\" ><div class=\"fusion-builder-row fusion-row fusion-flex-align-items-flex-start fusion-flex-content-wrap\" style=\"max-width:1248px;margin-left: calc(-4% \/ 2 );margin-right: calc(-4% \/ 2 );\"><div class=\"fusion-layout-column fusion_builder_column fusion-builder-column-0 fusion_builder_column_1_1 1_1 fusion-flex-column\" style=\"--awb-bg-blend:overlay;--awb-bg-size:cover;--awb-width-large:100%;--awb-margin-top-large:0px;--awb-spacing-right-large:1.92%;--awb-margin-bottom-large:0px;--awb-spacing-left-large:1.92%;--awb-width-medium:100%;--awb-spacing-right-medium:1.92%;--awb-spacing-left-medium:1.92%;--awb-width-small:100%;--awb-spacing-right-small:1.92%;--awb-spacing-left-small:1.92%;\"><div class=\"fusion-column-wrapper fusion-flex-justify-content-flex-start fusion-content-layout-column\"><div class=\"fusion-title title fusion-title-1 fusion-sep-none fusion-title-text fusion-title-size-one\"><h1 class=\"fusion-title-heading title-heading-left fusion-responsive-typography-calculated\" style=\"margin:0;--fontSize:64;line-height:var(--awb-typography1-line-height);\"><span class=\"fusion-highlight custom-textcolor highlight1 awb-highlight-marker\" style=\"--awb-color:var(--awb-color4);--awb-text-color:var(--awb-color8);\">Aviso legal.<\/span><\/h1><\/div><div class=\"fusion-text fusion-text-1\"><h3 class=\"\" style=\"--fontsize: 32; line-height: 1.2;\" data-fontsize=\"32\" data-lineheight=\"38.4px\">1. 1. Informaci\u00f3n general  <\/h3>\n<p><span style=\"font-weight: 400;\">En cumplimiento de las leyes y normativas aplicables, incluido el <\/span><b>Reglamento General de Protecci\u00f3n de Datos (RGPD) (UE) 2016\/679<\/b><span style=\"font-weight: 400;\"> y la legislaci\u00f3n espa\u00f1ola <\/span><b>Ley 34\/2002 de Servicios de la Sociedad de la Informaci\u00f3n y de Comercio Electr\u00f3nico (LSSI-CE)<\/b><span style=\"font-weight: 400;\">se establece el siguiente aviso legal:<\/span><\/p>\n<ul>\n<li style=\"font-weight: 400;\" aria-level=\"1\"><b>Propietario:<\/b><span style=\"font-weight: 400;\"> Chargia Mobility Sl (B21980024).<\/span><\/li>\n<li style=\"font-weight: 400;\" aria-level=\"1\"><b>Domicilio social:<\/b><span style=\"font-weight: 400;\"> Calle Bail\u00e9n 41, 28005 Madrid.<\/span><\/li>\n<li style=\"font-weight: 400;\" aria-level=\"1\"><b>Actividad empresarial:<\/b><span style=\"font-weight: 400;\"> Servicios de asistencia virtual instant\u00e1nea basados en inteligencia artificial para gestionar las incidencias de los usuarios de veh\u00edculos el\u00e9ctricos en las estaciones de recarga.<\/span><\/li>\n<li style=\"font-weight: 400;\" aria-level=\"1\"><b>Correo electr\u00f3nico de contacto:<\/b><span style=\"font-weight: 400;\"> team@hellochargia.com<\/span><\/li>\n<li style=\"font-weight: 400;\" aria-level=\"1\"><b>P\u00e1gina web:<\/b><a href=\"http:\/\/www.hellochargia.com\"> <span style=\"font-weight: 400;\">www.hellochargia.com<\/span><\/a><\/li>\n<\/ul>\n<p><span style=\"font-weight: 400;\">Al acceder a este sitio web, los usuarios aceptan los siguientes t\u00e9rminos y condiciones.<\/span><\/p>\n<h3 class=\"\" style=\"--fontsize: 32; line-height: 1.2;\" data-fontsize=\"32\" data-lineheight=\"38.4px\">2. Objeto y \u00e1mbito de aplicaci\u00f3n<\/h3>\n<p><span style=\"font-weight: 400;\">Este Aviso Legal regula el acceso, navegaci\u00f3n y uso del sitio web<\/span><a href=\"http:\/\/www.hellochargia.com\"> <b>www.hellochargia.com<\/b><\/a><span style=\"font-weight: 400;\">cuyo objetivo es proporcionar informaci\u00f3n sobre nuestros servicios y permitir la comunicaci\u00f3n con los usuarios. La utilizaci\u00f3n del sitio web atribuye la condici\u00f3n de   <\/span><b>Usuario<\/b><span style=\"font-weight: 400;\"> e implica la aceptaci\u00f3n plena e incondicional de todos los t\u00e9rminos incluidos en este Aviso Legal.<\/span><\/p>\n<p><span style=\"font-weight: 400;\">El propietario del sitio web <\/span><b>propietario del sitio web se reserva el derecho a modificar este Aviso Legal en cualquier momento<\/b><span style=\"font-weight: 400;\">  para adaptarla a la nueva legislaci\u00f3n, desarrollos tecnol\u00f3gicos o pr\u00e1cticas empresariales. Se aconseja a los usuarios que revisen esta p\u00e1gina peri\u00f3dicamente. <\/span><\/p>\n<h3 class=\"\" style=\"--fontsize: 32; line-height: 1.2;\" data-fontsize=\"32\" data-lineheight=\"38.4px\">3. Condiciones de uso<\/h3>\n<h4 class=\"\" style=\"--fontsize: 24; line-height: 1.2;\" data-fontsize=\"24\" data-lineheight=\"28.8px\">Obligaciones del usuario<\/h4>\n<p><span style=\"font-weight: 400;\">Al utilizar este sitio web, el usuario acepta:<\/span><\/p>\n<ul>\n<li style=\"font-weight: 400;\" aria-level=\"1\"><span style=\"font-weight: 400;\">Utilizar el sitio web de conformidad con la ley, la moral y el orden p\u00fablico.<\/span><\/li>\n<li style=\"font-weight: 400;\" aria-level=\"1\"><span style=\"font-weight: 400;\">Abstente de participar en actividades ilegales o fraudulentas.<\/span><\/li>\n<li style=\"font-weight: 400;\" aria-level=\"1\"><span style=\"font-weight: 400;\">No utilizar el sitio web con fines comerciales o publicitarios no autorizados.<\/span><\/li>\n<li style=\"font-weight: 400;\" aria-level=\"1\"><span style=\"font-weight: 400;\">No introducir o difundir virus o cualquier otro programa da\u00f1ino que pueda perjudicar al sitio web o a sus usuarios.<\/span><\/li>\n<\/ul>\n<p><span style=\"font-weight: 400;\">El propietario del sitio web puede <\/span><b>suspender o denegar el acceso<\/b><span style=\"font-weight: 400;\"> a los usuarios que infrinjan estas condiciones.<\/span><\/p>\n<h3 class=\"\" style=\"--fontsize: 32; line-height: 1.2;\" data-fontsize=\"32\" data-lineheight=\"38.4px\">4. Propiedad intelectual e industrial<\/h3>\n<p><span style=\"font-weight: 400;\">Todos los contenidos de este sitio web, incluidos, entre otros <\/span><b>texto, gr\u00e1ficos, logotipos, iconos, im\u00e1genes y software<\/b><span style=\"font-weight: 400;\">son propiedad <\/span><b>propiedad exclusiva del propietario<\/b><span style=\"font-weight: 400;\">  o se utilicen con la debida autorizaci\u00f3n. Estos elementos est\u00e1n protegidos por   <\/span><b>leyes de propiedad intelectual e industrial<\/b><span style=\"font-weight: 400;\">y cualquier uso, reproducci\u00f3n, modificaci\u00f3n o distribuci\u00f3n no autorizados est\u00e1n estrictamente prohibidos.<\/span><\/p>\n<p><span style=\"font-weight: 400;\">Los usuarios s\u00f3lo pueden utilizar el contenido con fines personales y no comerciales, sin modificar ni alterar ninguna parte del sitio web.<\/span><\/p>\n<h3 class=\"\" style=\"--fontsize: 32; line-height: 1.2;\" data-fontsize=\"32\" data-lineheight=\"38.4px\">5. Limitaci\u00f3n de responsabilidad<\/h3>\n<p><span style=\"font-weight: 400;\">El propietario del sitio web no garantiza:<\/span><\/p>\n<ul>\n<li style=\"font-weight: 400;\" aria-level=\"1\"><span style=\"font-weight: 400;\">Que el contenido est\u00e9 <\/span><b>libre de errores u omisiones<\/b><span style=\"font-weight: 400;\">.<\/span><\/li>\n<li style=\"font-weight: 400;\" aria-level=\"1\"><span style=\"font-weight: 400;\">Que el sitio web estar\u00e1 siempre disponible y operativo.<\/span><\/li>\n<li style=\"font-weight: 400;\" aria-level=\"1\"><span style=\"font-weight: 400;\">Que la informaci\u00f3n facilitada est\u00e9 actualizada en todo momento.<\/span><\/li>\n<\/ul>\n<p><span style=\"font-weight: 400;\">El propietario no es responsable de <\/span><b>da\u00f1os a terceros<\/b><span style=\"font-weight: 400;\">  resultantes de errores, interrupciones o uso indebido del sitio web. Los usuarios deben adoptar las medidas de seguridad adecuadas cuando accedan y utilicen contenidos en l\u00ednea. <\/span><\/p>\n<h3 class=\"\" style=\"--fontsize: 32; line-height: 1.2;\" data-fontsize=\"32\" data-lineheight=\"38.4px\">6. Protecci\u00f3n de datos y privacidad<\/h3>\n<p><span style=\"font-weight: 400;\">La recogida y el tratamiento de <\/span><b>datos personales<\/b><span style=\"font-weight: 400;\"> se rigen por la <\/span><b>Pol\u00edtica de privacidad<\/b><span style=\"font-weight: 400;\">de conformidad con <\/span><b>DGPR (UE) 2016\/679<\/b><span style=\"font-weight: 400;\">. Los usuarios pueden ejercer su  <\/span><b>derechos de acceso, rectificaci\u00f3n, supresi\u00f3n, oposici\u00f3n y portabilidad de datos<\/b><span style=\"font-weight: 400;\"> poni\u00e9ndote en contacto con <\/span><b>contact@hellochargia.com<\/b><span style=\"font-weight: 400;\">.<\/span><\/p>\n<h3 class=\"\" style=\"--fontsize: 32; line-height: 1.2;\" data-fontsize=\"32\" data-lineheight=\"38.4px\">7. Enlaces a sitios web de terceros<\/h3>\n<p><span style=\"font-weight: 400;\">Este sitio web puede contener enlaces a sitios externos gestionados por terceros. El propietario es  <\/span><b>no se hace responsable del contenido, las pol\u00edticas o la fiabilidad<\/b><span style=\"font-weight: 400;\">  de estos sitios web de terceros. Los usuarios deben revisar las pol\u00edticas legales y de privacidad de esos sitios antes de utilizarlos.<\/span><\/p>\n<h3 class=\"\" style=\"--fontsize: 32; line-height: 1.2;\" data-fontsize=\"32\" data-lineheight=\"38.4px\">8. Ley aplicable y jurisdicci\u00f3n<\/h3>\n<p><span style=\"font-weight: 400;\">Este Aviso Legal se rige por <\/span><b>la legislaci\u00f3n espa\u00f1ola<\/b><span style=\"font-weight: 400;\">. Cualquier litigio derivado del uso de este sitio web se someter\u00e1 al  <\/span><b>tribunales competentes de Madrid, Espa\u00f1a<\/b><span style=\"font-weight: 400;\">.<\/span><\/p>\n<\/div><\/div><\/div><\/div><\/div>\n","protected":false},"excerpt":{"rendered":"","protected":false},"author":2,"featured_media":0,"parent":0,"menu_order":0,"comment_status":"closed","ping_status":"closed","template":"100-width.php","meta":{"footnotes":""},"class_list":["post-540","page","type-page","status-publish","hentry"],"yoast_head":"<!-- This site is optimized with the Yoast SEO plugin v25.3.1 - https:\/\/yoast.com\/wordpress\/plugins\/seo\/ -->\n<title>Aviso Legal | Chargia<\/title>\n<meta name=\"robots\" content=\"noindex, nofollow\" \/>\n<meta property=\"og:locale\" content=\"es_ES\" \/>\n<meta property=\"og:type\" content=\"article\" \/>\n<meta property=\"og:title\" content=\"Aviso Legal | Chargia\" \/>\n<meta property=\"og:url\" content=\"https:\/\/hellochargia.com\/es\/aviso-legal\" \/>\n<meta property=\"og:site_name\" content=\"Chargia\" \/>\n<meta property=\"article:modified_time\" content=\"2026-02-09T21:33:15+00:00\" \/>\n<meta property=\"og:image\" content=\"https:\/\/hellochargia.com\/wp-content\/uploads\/2025\/03\/Logo-Chargia-SEO.jpg\" \/>\n\t<meta property=\"og:image:width\" content=\"1200\" \/>\n\t<meta property=\"og:image:height\" content=\"675\" \/>\n\t<meta property=\"og:image:type\" content=\"image\/jpeg\" \/>\n<meta name=\"twitter:card\" content=\"summary_large_image\" \/>\n<meta name=\"twitter:label1\" content=\"Tiempo de lectura\" \/>\n\t<meta name=\"twitter:data1\" content=\"3 minutos\" \/>\n<script type=\"application\/ld+json\" class=\"yoast-schema-graph\">{\"@context\":\"https:\/\/schema.org\",\"@graph\":[{\"@type\":\"WebPage\",\"@id\":\"https:\/\/hellochargia.com\/es\/aviso-legal\",\"url\":\"https:\/\/hellochargia.com\/es\/aviso-legal\",\"name\":\"Aviso Legal | Chargia\",\"isPartOf\":{\"@id\":\"https:\/\/hellochargia.com\/es#website\"},\"datePublished\":\"2025-03-05T12:06:28+00:00\",\"dateModified\":\"2026-02-09T21:33:15+00:00\",\"breadcrumb\":{\"@id\":\"https:\/\/hellochargia.com\/es\/aviso-legal#breadcrumb\"},\"inLanguage\":\"es\",\"potentialAction\":[{\"@type\":\"ReadAction\",\"target\":[\"https:\/\/hellochargia.com\/es\/aviso-legal\"]}]},{\"@type\":\"BreadcrumbList\",\"@id\":\"https:\/\/hellochargia.com\/es\/aviso-legal#breadcrumb\",\"itemListElement\":[{\"@type\":\"ListItem\",\"position\":1,\"name\":\"Home\",\"item\":\"https:\/\/hellochargia.com\/es\"},{\"@type\":\"ListItem\",\"position\":2,\"name\":\"Aviso Legal\"}]},{\"@type\":\"WebSite\",\"@id\":\"https:\/\/hellochargia.com\/es#website\",\"url\":\"https:\/\/hellochargia.com\/es\",\"name\":\"Hello Chargia\",\"description\":\"AI-assistant of electric mobility\",\"publisher\":{\"@id\":\"https:\/\/hellochargia.com\/es#organization\"},\"alternateName\":\"Chargia\",\"potentialAction\":[{\"@type\":\"SearchAction\",\"target\":{\"@type\":\"EntryPoint\",\"urlTemplate\":\"https:\/\/hellochargia.com\/es?s={search_term_string}\"},\"query-input\":{\"@type\":\"PropertyValueSpecification\",\"valueRequired\":true,\"valueName\":\"search_term_string\"}}],\"inLanguage\":\"es\"},{\"@type\":\"Organization\",\"@id\":\"https:\/\/hellochargia.com\/es#organization\",\"name\":\"Chargia\",\"alternateName\":\"Hello Chargia\",\"url\":\"https:\/\/hellochargia.com\/es\",\"logo\":{\"@type\":\"ImageObject\",\"inLanguage\":\"es\",\"@id\":\"https:\/\/hellochargia.com\/es#\/schema\/logo\/image\/\",\"url\":\"https:\/\/hellochargia.com\/wp-content\/uploads\/2025\/03\/Logo-Chargia-SEO-2.jpg\",\"contentUrl\":\"https:\/\/hellochargia.com\/wp-content\/uploads\/2025\/03\/Logo-Chargia-SEO-2.jpg\",\"width\":675,\"height\":675,\"caption\":\"Chargia\"},\"image\":{\"@id\":\"https:\/\/hellochargia.com\/es#\/schema\/logo\/image\/\"}}]}<\/script>\n<!-- \/ Yoast SEO plugin. -->","yoast_head_json":{"title":"Aviso Legal | Chargia","robots":{"index":"noindex","follow":"nofollow"},"og_locale":"es_ES","og_type":"article","og_title":"Aviso Legal | Chargia","og_url":"https:\/\/hellochargia.com\/es\/aviso-legal","og_site_name":"Chargia","article_modified_time":"2026-02-09T21:33:15+00:00","og_image":[{"width":1200,"height":675,"url":"https:\/\/hellochargia.com\/wp-content\/uploads\/2025\/03\/Logo-Chargia-SEO.jpg","type":"image\/jpeg"}],"twitter_card":"summary_large_image","twitter_misc":{"Tiempo de lectura":"3 minutos"},"schema":{"@context":"https:\/\/schema.org","@graph":[{"@type":"WebPage","@id":"https:\/\/hellochargia.com\/es\/aviso-legal","url":"https:\/\/hellochargia.com\/es\/aviso-legal","name":"Aviso Legal | Chargia","isPartOf":{"@id":"https:\/\/hellochargia.com\/es#website"},"datePublished":"2025-03-05T12:06:28+00:00","dateModified":"2026-02-09T21:33:15+00:00","breadcrumb":{"@id":"https:\/\/hellochargia.com\/es\/aviso-legal#breadcrumb"},"inLanguage":"es","potentialAction":[{"@type":"ReadAction","target":["https:\/\/hellochargia.com\/es\/aviso-legal"]}]},{"@type":"BreadcrumbList","@id":"https:\/\/hellochargia.com\/es\/aviso-legal#breadcrumb","itemListElement":[{"@type":"ListItem","position":1,"name":"Home","item":"https:\/\/hellochargia.com\/es"},{"@type":"ListItem","position":2,"name":"Aviso Legal"}]},{"@type":"WebSite","@id":"https:\/\/hellochargia.com\/es#website","url":"https:\/\/hellochargia.com\/es","name":"Hello Chargia","description":"AI-assistant of electric mobility","publisher":{"@id":"https:\/\/hellochargia.com\/es#organization"},"alternateName":"Chargia","potentialAction":[{"@type":"SearchAction","target":{"@type":"EntryPoint","urlTemplate":"https:\/\/hellochargia.com\/es?s={search_term_string}"},"query-input":{"@type":"PropertyValueSpecification","valueRequired":true,"valueName":"search_term_string"}}],"inLanguage":"es"},{"@type":"Organization","@id":"https:\/\/hellochargia.com\/es#organization","name":"Chargia","alternateName":"Hello Chargia","url":"https:\/\/hellochargia.com\/es","logo":{"@type":"ImageObject","inLanguage":"es","@id":"https:\/\/hellochargia.com\/es#\/schema\/logo\/image\/","url":"https:\/\/hellochargia.com\/wp-content\/uploads\/2025\/03\/Logo-Chargia-SEO-2.jpg","contentUrl":"https:\/\/hellochargia.com\/wp-content\/uploads\/2025\/03\/Logo-Chargia-SEO-2.jpg","width":675,"height":675,"caption":"Chargia"},"image":{"@id":"https:\/\/hellochargia.com\/es#\/schema\/logo\/image\/"}}]}},"_links":{"self":[{"href":"https:\/\/hellochargia.com\/es\/wp-json\/wp\/v2\/pages\/540","targetHints":{"allow":["GET"]}}],"collection":[{"href":"https:\/\/hellochargia.com\/es\/wp-json\/wp\/v2\/pages"}],"about":[{"href":"https:\/\/hellochargia.com\/es\/wp-json\/wp\/v2\/types\/page"}],"author":[{"embeddable":true,"href":"https:\/\/hellochargia.com\/es\/wp-json\/wp\/v2\/users\/2"}],"replies":[{"embeddable":true,"href":"https:\/\/hellochargia.com\/es\/wp-json\/wp\/v2\/comments?post=540"}],"version-history":[{"count":5,"href":"https:\/\/hellochargia.com\/es\/wp-json\/wp\/v2\/pages\/540\/revisions"}],"predecessor-version":[{"id":1660,"href":"https:\/\/hellochargia.com\/es\/wp-json\/wp\/v2\/pages\/540\/revisions\/1660"}],"wp:attachment":[{"href":"https:\/\/hellochargia.com\/es\/wp-json\/wp\/v2\/media?parent=540"}],"curies":[{"name":"wp","href":"https:\/\/api.w.org\/{rel}","templated":true}]}}